{"id":1071,"date":"2021-05-27T17:09:20","date_gmt":"2021-05-27T15:09:20","guid":{"rendered":"https:\/\/www.naturellementsportif.com\/?post_type=product&#038;p=1071"},"modified":"2025-04-04T14:30:28","modified_gmt":"2025-04-04T12:30:28","slug":"short-homme-alex-kaki","status":"publish","type":"product","link":"https:\/\/www.naturellementsportif.com\/index.php\/produit\/short-homme-alex-kaki\/","title":{"rendered":"SHORT HOMME ALEX KAKI"},"content":{"rendered":"","protected":false},"excerpt":{"rendered":"<p>Notre short de sport Naturellement Sportif est ample avec des proches lat\u00e9rales. Convient \u00e0 toutes sortes de pratiques de sports d&rsquo;int\u00e9rieur et d&rsquo;ext\u00e9rieur ou \u00e0 un usage normal. Sa mati\u00e8re est respirante et s\u00e8che rapidement.<\/p>\n<p>Id\u00e9al pour la pratique du Crossfit et de la musculation.<\/p>\n<p><a href=\"https:\/\/www.naturellementsportif.com\/index.php\/guide-des-tailles-2k21\/\" target=\"_blank\" rel=\"noopener\">Guide des tailles :<\/a><\/p>\n<p><img decoding=\"async\" class=\"wp-image-1645 alignleft\" style=\"font-family: -apple-system, BlinkMacSystemFont, 'Segoe UI', Roboto, Oxygen-Sans, Ubuntu, Cantarell, 'Helvetica Neue', sans-serif; font-weight: inherit;\" src=\"https:\/\/www.naturellementsportif.com\/wp-content\/uploads\/2021\/09\/Tissu3fresh-300x205.png\" alt=\"\" width=\"142\" height=\"97\" srcset=\"https:\/\/i0.wp.com\/www.naturellementsportif.com\/wp-content\/uploads\/2021\/09\/Tissu3fresh.png?resize=300%2C205&amp;ssl=1 300w, https:\/\/i0.wp.com\/www.naturellementsportif.com\/wp-content\/uploads\/2021\/09\/Tissu3fresh.png?w=440&amp;ssl=1 440w\" sizes=\"(max-width: 142px) 100vw, 142px\" \/><\/p>\n<p>Composition: 100% PES<br \/>\nPoids: 130 g\/ m\u00a0<sup>2<\/sup><br \/>\nHaute r\u00e9sistance aux dommages m\u00e9caniq<span style=\"font-size: 16px; font-family: -apple-system, BlinkMacSystemFont, 'Segoe UI', Roboto, Oxygen-Sans, Ubuntu, Cantarell, 'Helvetica Neue', sans-serif;\">ues<\/span><\/p>\n","protected":false},"featured_media":1643,"comment_status":"closed","ping_status":"closed","template":"","meta":{"site-sidebar-layout":"default","site-content-layout":"default","ast-site-content-layout":"default","site-content-style":"default","site-sidebar-style":"default","ast-global-header-display":"","ast-banner-title-visibility":"","ast-main-header-display":"","ast-hfb-above-header-display":"","ast-hfb-below-header-display":"","ast-hfb-mobile-header-display":"","site-post-title":"","ast-breadcrumbs-content":"","ast-featured-img":"","footer-sml-layout":"","theme-transparent-header-meta":"default","adv-header-id-meta":"","stick-header-meta":"","header-above-stick-meta":"","header-main-stick-meta":"","header-below-stick-meta":"","astra-migrate-meta-layouts":"set","ast-page-background-enabled":"default","ast-page-background-meta":{"desktop":{"background-color":"","background-image":"","background-repeat":"repeat","background-position":"center center","background-size":"auto","background-attachment":"scroll","background-type":"","background-media":"","overlay-type":"","overlay-color":"","overlay-gradient":""},"tablet":{"background-color":"","background-image":"","background-repeat":"repeat","background-position":"center center","background-size":"auto","background-attachment":"scroll","background-type":"","background-media":"","overlay-type":"","overlay-color":"","overlay-gradient":""},"mobile":{"background-color":"","background-image":"","background-repeat":"repeat","background-position":"center center","background-size":"auto","background-attachment":"scroll","background-type":"","background-media":"","overlay-type":"","overlay-color":"","overlay-gradient":""}},"ast-content-background-meta":{"desktop":{"background-color":"var(--ast-global-color-5)","background-image":"","background-repeat":"repeat","background-position":"center center","background-size":"auto","background-attachment":"scroll","background-type":"","background-media":"","overlay-type":"","overlay-color":"","overlay-gradient":""},"tablet":{"background-color":"var(--ast-global-color-5)","background-image":"","background-repeat":"repeat","background-position":"center center","background-size":"auto","background-attachment":"scroll","background-type":"","background-media":"","overlay-type":"","overlay-color":"","overlay-gradient":""},"mobile":{"background-color":"var(--ast-global-color-5)","background-image":"","background-repeat":"repeat","background-position":"center center","background-size":"auto","background-attachment":"scroll","background-type":"","background-media":"","overlay-type":"","overlay-color":"","overlay-gradient":""}}},"product_brand":[],"product_cat":[19],"product_tag":[],"class_list":{"0":"post-1071","1":"product","2":"type-product","3":"status-publish","4":"has-post-thumbnail","6":"product_cat-homme","7":"desktop-align-left","8":"tablet-align-left","9":"mobile-align-left","11":"first","12":"instock","13":"sale","14":"shipping-taxable","15":"purchasable","16":"product-type-variable"},"yoast_head":"<!-- This site is optimized with the Yoast SEO plugin v27.4 - https:\/\/yoast.com\/product\/yoast-seo-wordpress\/ -->\n<title>SHORT DE SPORT HOMME KAKI NS MADE IN EUROPE<\/title>\n<meta name=\"description\" content=\"Respirant et confortable, il est l&#039;ami id\u00e9al pour vos s\u00e9ances de sport en int\u00e9rieur ou en exterieur. Fabriqu\u00e9 en Europe \u00e0 Prague.\" \/>\n<meta name=\"robots\" content=\"index, follow, max-snippet:-1, max-image-preview:large, max-video-preview:-1\" \/>\n<link rel=\"canonical\" href=\"https:\/\/www.naturellementsportif.com\/index.php\/produit\/short-homme-alex-kaki\/\" \/>\n<meta property=\"og:locale\" content=\"fr_FR\" \/>\n<meta property=\"og:type\" content=\"article\" \/>\n<meta property=\"og:title\" content=\"SHORT DE SPORT HOMME KAKI NS MADE IN EUROPE\" \/>\n<meta property=\"og:description\" content=\"Respirant et confortable, il est l&#039;ami id\u00e9al pour vos s\u00e9ances de sport en int\u00e9rieur ou en exterieur. Fabriqu\u00e9 en Europe \u00e0 Prague.\" \/>\n<meta property=\"og:url\" content=\"https:\/\/www.naturellementsportif.com\/index.php\/produit\/short-homme-alex-kaki\/\" \/>\n<meta property=\"article:modified_time\" content=\"2025-04-04T12:30:28+00:00\" \/>\n<meta property=\"og:image\" content=\"https:\/\/www.naturellementsportif.com\/wp-content\/uploads\/2021\/09\/H-ImageProdNS2.png\" \/>\n\t<meta property=\"og:image:width\" content=\"1200\" \/>\n\t<meta property=\"og:image:height\" content=\"877\" \/>\n\t<meta property=\"og:image:type\" content=\"image\/png\" \/>\n<meta name=\"twitter:card\" content=\"summary_large_image\" \/>\n<meta name=\"twitter:label1\" content=\"Dur\u00e9e de lecture estim\u00e9e\" \/>\n\t<meta name=\"twitter:data1\" content=\"1 minute\" \/>\n<script type=\"application\/ld+json\" class=\"yoast-schema-graph\">{\"@context\":\"https:\\\/\\\/schema.org\",\"@graph\":[{\"@type\":\"WebPage\",\"@id\":\"https:\\\/\\\/www.naturellementsportif.com\\\/index.php\\\/produit\\\/short-homme-alex-kaki\\\/\",\"url\":\"https:\\\/\\\/www.naturellementsportif.com\\\/index.php\\\/produit\\\/short-homme-alex-kaki\\\/\",\"name\":\"SHORT DE SPORT HOMME KAKI NS MADE IN EUROPE\",\"isPartOf\":{\"@id\":\"https:\\\/\\\/www.naturellementsportif.com\\\/#website\"},\"primaryImageOfPage\":{\"@id\":\"https:\\\/\\\/www.naturellementsportif.com\\\/index.php\\\/produit\\\/short-homme-alex-kaki\\\/#primaryimage\"},\"image\":{\"@id\":\"https:\\\/\\\/www.naturellementsportif.com\\\/index.php\\\/produit\\\/short-homme-alex-kaki\\\/#primaryimage\"},\"thumbnailUrl\":\"https:\\\/\\\/i0.wp.com\\\/www.naturellementsportif.com\\\/wp-content\\\/uploads\\\/2021\\\/09\\\/H-ImageProdNS2.png?fit=1200%2C877&ssl=1\",\"datePublished\":\"2021-05-27T15:09:20+00:00\",\"dateModified\":\"2025-04-04T12:30:28+00:00\",\"description\":\"Respirant et confortable, il est l'ami id\u00e9al pour vos s\u00e9ances de sport en int\u00e9rieur ou en exterieur. Fabriqu\u00e9 en Europe \u00e0 Prague.\",\"breadcrumb\":{\"@id\":\"https:\\\/\\\/www.naturellementsportif.com\\\/index.php\\\/produit\\\/short-homme-alex-kaki\\\/#breadcrumb\"},\"inLanguage\":\"fr-FR\",\"potentialAction\":[{\"@type\":\"ReadAction\",\"target\":[\"https:\\\/\\\/www.naturellementsportif.com\\\/index.php\\\/produit\\\/short-homme-alex-kaki\\\/\"]}]},{\"@type\":\"ImageObject\",\"inLanguage\":\"fr-FR\",\"@id\":\"https:\\\/\\\/www.naturellementsportif.com\\\/index.php\\\/produit\\\/short-homme-alex-kaki\\\/#primaryimage\",\"url\":\"https:\\\/\\\/i0.wp.com\\\/www.naturellementsportif.com\\\/wp-content\\\/uploads\\\/2021\\\/09\\\/H-ImageProdNS2.png?fit=1200%2C877&ssl=1\",\"contentUrl\":\"https:\\\/\\\/i0.wp.com\\\/www.naturellementsportif.com\\\/wp-content\\\/uploads\\\/2021\\\/09\\\/H-ImageProdNS2.png?fit=1200%2C877&ssl=1\",\"width\":1200,\"height\":877,\"caption\":\"SHORT DE SPORT HOMME\"},{\"@type\":\"BreadcrumbList\",\"@id\":\"https:\\\/\\\/www.naturellementsportif.com\\\/index.php\\\/produit\\\/short-homme-alex-kaki\\\/#breadcrumb\",\"itemListElement\":[{\"@type\":\"ListItem\",\"position\":1,\"name\":\"Home\",\"item\":\"https:\\\/\\\/www.naturellementsportif.com\\\/\"},{\"@type\":\"ListItem\",\"position\":2,\"name\":\"Boutique\",\"item\":\"https:\\\/\\\/www.naturellementsportif.com\\\/index.php\\\/boutique\\\/\"},{\"@type\":\"ListItem\",\"position\":3,\"name\":\"SHORT HOMME ALEX KAKI\"}]},{\"@type\":\"WebSite\",\"@id\":\"https:\\\/\\\/www.naturellementsportif.com\\\/#website\",\"url\":\"https:\\\/\\\/www.naturellementsportif.com\\\/\",\"name\":\"Naturellement Sportif\",\"description\":\"\",\"publisher\":{\"@id\":\"https:\\\/\\\/www.naturellementsportif.com\\\/#organization\"},\"potentialAction\":[{\"@type\":\"SearchAction\",\"target\":{\"@type\":\"EntryPoint\",\"urlTemplate\":\"https:\\\/\\\/www.naturellementsportif.com\\\/?s={search_term_string}\"},\"query-input\":{\"@type\":\"PropertyValueSpecification\",\"valueRequired\":true,\"valueName\":\"search_term_string\"}}],\"inLanguage\":\"fr-FR\"},{\"@type\":\"Organization\",\"@id\":\"https:\\\/\\\/www.naturellementsportif.com\\\/#organization\",\"name\":\"Naturellement Sportif\",\"url\":\"https:\\\/\\\/www.naturellementsportif.com\\\/\",\"logo\":{\"@type\":\"ImageObject\",\"inLanguage\":\"fr-FR\",\"@id\":\"https:\\\/\\\/www.naturellementsportif.com\\\/#\\\/schema\\\/logo\\\/image\\\/\",\"url\":\"https:\\\/\\\/www.naturellementsportif.com\\\/wp-content\\\/uploads\\\/2020\\\/06\\\/NATURELLEMENT-SPORTIF-FINAL-03.jpg\",\"contentUrl\":\"https:\\\/\\\/www.naturellementsportif.com\\\/wp-content\\\/uploads\\\/2020\\\/06\\\/NATURELLEMENT-SPORTIF-FINAL-03.jpg\",\"width\":2363,\"height\":1182,\"caption\":\"Naturellement Sportif\"},\"image\":{\"@id\":\"https:\\\/\\\/www.naturellementsportif.com\\\/#\\\/schema\\\/logo\\\/image\\\/\"}}]}<\/script>\n<!-- \/ Yoast SEO plugin. -->","yoast_head_json":{"title":"SHORT DE SPORT HOMME KAKI NS MADE IN EUROPE","description":"Respirant et confortable, il est l'ami id\u00e9al pour vos s\u00e9ances de sport en int\u00e9rieur ou en exterieur. Fabriqu\u00e9 en Europe \u00e0 Prague.","robots":{"index":"index","follow":"follow","max-snippet":"max-snippet:-1","max-image-preview":"max-image-preview:large","max-video-preview":"max-video-preview:-1"},"canonical":"https:\/\/www.naturellementsportif.com\/index.php\/produit\/short-homme-alex-kaki\/","og_locale":"fr_FR","og_type":"article","og_title":"SHORT DE SPORT HOMME KAKI NS MADE IN EUROPE","og_description":"Respirant et confortable, il est l'ami id\u00e9al pour vos s\u00e9ances de sport en int\u00e9rieur ou en exterieur. Fabriqu\u00e9 en Europe \u00e0 Prague.","og_url":"https:\/\/www.naturellementsportif.com\/index.php\/produit\/short-homme-alex-kaki\/","article_modified_time":"2025-04-04T12:30:28+00:00","og_image":[{"width":1200,"height":877,"url":"https:\/\/www.naturellementsportif.com\/wp-content\/uploads\/2021\/09\/H-ImageProdNS2.png","type":"image\/png"}],"twitter_card":"summary_large_image","twitter_misc":{"Dur\u00e9e de lecture estim\u00e9e":"1 minute"},"schema":{"@context":"https:\/\/schema.org","@graph":[{"@type":"WebPage","@id":"https:\/\/www.naturellementsportif.com\/index.php\/produit\/short-homme-alex-kaki\/","url":"https:\/\/www.naturellementsportif.com\/index.php\/produit\/short-homme-alex-kaki\/","name":"SHORT DE SPORT HOMME KAKI NS MADE IN EUROPE","isPartOf":{"@id":"https:\/\/www.naturellementsportif.com\/#website"},"primaryImageOfPage":{"@id":"https:\/\/www.naturellementsportif.com\/index.php\/produit\/short-homme-alex-kaki\/#primaryimage"},"image":{"@id":"https:\/\/www.naturellementsportif.com\/index.php\/produit\/short-homme-alex-kaki\/#primaryimage"},"thumbnailUrl":"https:\/\/i0.wp.com\/www.naturellementsportif.com\/wp-content\/uploads\/2021\/09\/H-ImageProdNS2.png?fit=1200%2C877&ssl=1","datePublished":"2021-05-27T15:09:20+00:00","dateModified":"2025-04-04T12:30:28+00:00","description":"Respirant et confortable, il est l'ami id\u00e9al pour vos s\u00e9ances de sport en int\u00e9rieur ou en exterieur. Fabriqu\u00e9 en Europe \u00e0 Prague.","breadcrumb":{"@id":"https:\/\/www.naturellementsportif.com\/index.php\/produit\/short-homme-alex-kaki\/#breadcrumb"},"inLanguage":"fr-FR","potentialAction":[{"@type":"ReadAction","target":["https:\/\/www.naturellementsportif.com\/index.php\/produit\/short-homme-alex-kaki\/"]}]},{"@type":"ImageObject","inLanguage":"fr-FR","@id":"https:\/\/www.naturellementsportif.com\/index.php\/produit\/short-homme-alex-kaki\/#primaryimage","url":"https:\/\/i0.wp.com\/www.naturellementsportif.com\/wp-content\/uploads\/2021\/09\/H-ImageProdNS2.png?fit=1200%2C877&ssl=1","contentUrl":"https:\/\/i0.wp.com\/www.naturellementsportif.com\/wp-content\/uploads\/2021\/09\/H-ImageProdNS2.png?fit=1200%2C877&ssl=1","width":1200,"height":877,"caption":"SHORT DE SPORT HOMME"},{"@type":"BreadcrumbList","@id":"https:\/\/www.naturellementsportif.com\/index.php\/produit\/short-homme-alex-kaki\/#breadcrumb","itemListElement":[{"@type":"ListItem","position":1,"name":"Home","item":"https:\/\/www.naturellementsportif.com\/"},{"@type":"ListItem","position":2,"name":"Boutique","item":"https:\/\/www.naturellementsportif.com\/index.php\/boutique\/"},{"@type":"ListItem","position":3,"name":"SHORT HOMME ALEX KAKI"}]},{"@type":"WebSite","@id":"https:\/\/www.naturellementsportif.com\/#website","url":"https:\/\/www.naturellementsportif.com\/","name":"Naturellement Sportif","description":"","publisher":{"@id":"https:\/\/www.naturellementsportif.com\/#organization"},"potentialAction":[{"@type":"SearchAction","target":{"@type":"EntryPoint","urlTemplate":"https:\/\/www.naturellementsportif.com\/?s={search_term_string}"},"query-input":{"@type":"PropertyValueSpecification","valueRequired":true,"valueName":"search_term_string"}}],"inLanguage":"fr-FR"},{"@type":"Organization","@id":"https:\/\/www.naturellementsportif.com\/#organization","name":"Naturellement Sportif","url":"https:\/\/www.naturellementsportif.com\/","logo":{"@type":"ImageObject","inLanguage":"fr-FR","@id":"https:\/\/www.naturellementsportif.com\/#\/schema\/logo\/image\/","url":"https:\/\/www.naturellementsportif.com\/wp-content\/uploads\/2020\/06\/NATURELLEMENT-SPORTIF-FINAL-03.jpg","contentUrl":"https:\/\/www.naturellementsportif.com\/wp-content\/uploads\/2020\/06\/NATURELLEMENT-SPORTIF-FINAL-03.jpg","width":2363,"height":1182,"caption":"Naturellement Sportif"},"image":{"@id":"https:\/\/www.naturellementsportif.com\/#\/schema\/logo\/image\/"}}]}},"jetpack-related-posts":[{"id":791,"url":"https:\/\/www.naturellementsportif.com\/index.php\/produit\/short-homme-ns\/","url_meta":{"origin":1071,"position":0},"title":"SHORT HOMME ALEX NS","author":"admin6231","date":"27 f\u00e9vrier 2021","format":false,"excerpt":"Notre short de sport Naturellement Sportif est ample avec des proches lat\u00e9rales. Convient \u00e0 toutes sortes de pratiques de sports d'int\u00e9rieur et d'ext\u00e9rieur ou \u00e0 un usage normal. Sa mati\u00e8re est respirante et s\u00e8che rapidement. Id\u00e9al pour la pratique du Crossfit et de la musculation. Guide des tailles : Composition:\u2026","rel":"","context":"Article similaire","block_context":{"text":"Article similaire","link":""},"img":{"alt_text":"SHORT DE SPORT HOMME ALEX NS","src":"https:\/\/i0.wp.com\/www.naturellementsportif.com\/wp-content\/uploads\/2021\/09\/H-ImageProdNS1.png?fit=1200%2C877&ssl=1&resize=350%2C200","width":350,"height":200,"srcset":"https:\/\/i0.wp.com\/www.naturellementsportif.com\/wp-content\/uploads\/2021\/09\/H-ImageProdNS1.png?fit=1200%2C877&ssl=1&resize=350%2C200 1x, https:\/\/i0.wp.com\/www.naturellementsportif.com\/wp-content\/uploads\/2021\/09\/H-ImageProdNS1.png?fit=1200%2C877&ssl=1&resize=525%2C300 1.5x, https:\/\/i0.wp.com\/www.naturellementsportif.com\/wp-content\/uploads\/2021\/09\/H-ImageProdNS1.png?fit=1200%2C877&ssl=1&resize=700%2C400 2x, https:\/\/i0.wp.com\/www.naturellementsportif.com\/wp-content\/uploads\/2021\/09\/H-ImageProdNS1.png?fit=1200%2C877&ssl=1&resize=1050%2C600 3x"},"classes":[]},{"id":1876,"url":"https:\/\/www.naturellementsportif.com\/index.php\/produit\/short-mathias-france\/","url_meta":{"origin":1071,"position":1},"title":"SHORT CYCLE MATHIAS FRANCE","author":"admin6231","date":"7 d\u00e9cembre 2022","format":false,"excerpt":"PR\u00c9COMMANDE UNIQUEMENT Notre Short de v\u00e9lo Naturellement Sportif est fit avec une peau de chamois italienne . Convient pour les sorties \u00e0 v\u00e9lo sous le soleil. Sa mati\u00e8re est respirante et s\u00e8che rapidement. Composition : 78% Polyamide, 22% \u00c9lasthanne Poids : 200 g\/m2 Tricot \u00e9lastique non sublimable avec filtre UV\u2026","rel":"","context":"Article similaire","block_context":{"text":"Article similaire","link":""},"img":{"alt_text":"","src":"https:\/\/i0.wp.com\/www.naturellementsportif.com\/wp-content\/uploads\/2022\/12\/Short-velo-france.png?fit=1200%2C877&ssl=1&resize=350%2C200","width":350,"height":200,"srcset":"https:\/\/i0.wp.com\/www.naturellementsportif.com\/wp-content\/uploads\/2022\/12\/Short-velo-france.png?fit=1200%2C877&ssl=1&resize=350%2C200 1x, https:\/\/i0.wp.com\/www.naturellementsportif.com\/wp-content\/uploads\/2022\/12\/Short-velo-france.png?fit=1200%2C877&ssl=1&resize=525%2C300 1.5x, https:\/\/i0.wp.com\/www.naturellementsportif.com\/wp-content\/uploads\/2022\/12\/Short-velo-france.png?fit=1200%2C877&ssl=1&resize=700%2C400 2x, https:\/\/i0.wp.com\/www.naturellementsportif.com\/wp-content\/uploads\/2022\/12\/Short-velo-france.png?fit=1200%2C877&ssl=1&resize=1050%2C600 3x"},"classes":[]},{"id":1889,"url":"https:\/\/www.naturellementsportif.com\/index.php\/produit\/short-cycle-mathias-kaki\/","url_meta":{"origin":1071,"position":2},"title":"SHORT CYCLE MATHIAS KAKI","author":"admin6231","date":"7 d\u00e9cembre 2022","format":false,"excerpt":"PR\u00c9COMMANDE UNIQUEMENT Notre Short de v\u00e9lo Naturellement Sportif est fit avec une peau de chamois italienne . Convient pour les sorties \u00e0 v\u00e9lo sous le soleil. Sa mati\u00e8re est respirante et s\u00e8che rapidement. Composition : 78% Polyamide, 22% \u00c9lasthanne Poids : 200 g\/m2 Tricot \u00e9lastique non sublimable avec filtre UV\u2026","rel":"","context":"Article similaire","block_context":{"text":"Article similaire","link":""},"img":{"alt_text":"","src":"https:\/\/i0.wp.com\/www.naturellementsportif.com\/wp-content\/uploads\/2022\/12\/Short-velo-kaki.png?fit=1200%2C877&ssl=1&resize=350%2C200","width":350,"height":200,"srcset":"https:\/\/i0.wp.com\/www.naturellementsportif.com\/wp-content\/uploads\/2022\/12\/Short-velo-kaki.png?fit=1200%2C877&ssl=1&resize=350%2C200 1x, https:\/\/i0.wp.com\/www.naturellementsportif.com\/wp-content\/uploads\/2022\/12\/Short-velo-kaki.png?fit=1200%2C877&ssl=1&resize=525%2C300 1.5x, https:\/\/i0.wp.com\/www.naturellementsportif.com\/wp-content\/uploads\/2022\/12\/Short-velo-kaki.png?fit=1200%2C877&ssl=1&resize=700%2C400 2x, https:\/\/i0.wp.com\/www.naturellementsportif.com\/wp-content\/uploads\/2022\/12\/Short-velo-kaki.png?fit=1200%2C877&ssl=1&resize=1050%2C600 3x"},"classes":[]},{"id":840,"url":"https:\/\/www.naturellementsportif.com\/index.php\/produit\/short-femme-ns\/","url_meta":{"origin":1071,"position":3},"title":"SHORT FEMME C\u00c9LINE NOIR","author":"admin6231","date":"7 mars 2021","format":false,"excerpt":"Excellente respirabilit\u00e9. Nous utilisons la technologie de puissance MITI Tech cr\u00e9\u00e9e pour la production de tricots \u00e9lastiques avec une compression accrue. La propri\u00e9t\u00e9 de compression plus \u00e9lev\u00e9e du tricot aide \u00e0 retarder la fatigue pendant le sport. Une compression plus \u00e9lev\u00e9e aide \u00e0 r\u00e9duire la fatigue pendant le sport. Elle\u2026","rel":"","context":"Article similaire","block_context":{"text":"Article similaire","link":""},"img":{"alt_text":"SHORT FEMME C\u00c9LINE NOIR","src":"https:\/\/i0.wp.com\/www.naturellementsportif.com\/wp-content\/uploads\/2021\/09\/F-ImageProdNS6.png?fit=1200%2C877&ssl=1&resize=350%2C200","width":350,"height":200,"srcset":"https:\/\/i0.wp.com\/www.naturellementsportif.com\/wp-content\/uploads\/2021\/09\/F-ImageProdNS6.png?fit=1200%2C877&ssl=1&resize=350%2C200 1x, https:\/\/i0.wp.com\/www.naturellementsportif.com\/wp-content\/uploads\/2021\/09\/F-ImageProdNS6.png?fit=1200%2C877&ssl=1&resize=525%2C300 1.5x, https:\/\/i0.wp.com\/www.naturellementsportif.com\/wp-content\/uploads\/2021\/09\/F-ImageProdNS6.png?fit=1200%2C877&ssl=1&resize=700%2C400 2x, https:\/\/i0.wp.com\/www.naturellementsportif.com\/wp-content\/uploads\/2021\/09\/F-ImageProdNS6.png?fit=1200%2C877&ssl=1&resize=1050%2C600 3x"},"classes":[]},{"id":1055,"url":"https:\/\/www.naturellementsportif.com\/index.php\/produit\/short-femme-ns-kaki\/","url_meta":{"origin":1071,"position":4},"title":"SHORT FEMME C\u00c9LINE KAKI","author":"admin6231","date":"27 mai 2021","format":false,"excerpt":"Excellente respirabilit\u00e9. Nous utilisons la technologie de puissance MITI Tech cr\u00e9\u00e9e pour la production de tricots \u00e9lastiques avec une compression accrue. La propri\u00e9t\u00e9 de compression plus \u00e9lev\u00e9e du tricot aide \u00e0 retarder la fatigue pendant le sport. Une compression plus \u00e9lev\u00e9e aide \u00e0 r\u00e9duire la fatigue pendant le sport. Elle\u2026","rel":"","context":"Article similaire","block_context":{"text":"Article similaire","link":""},"img":{"alt_text":"Short fitness","src":"https:\/\/i0.wp.com\/www.naturellementsportif.com\/wp-content\/uploads\/2021\/09\/F-ImageProdNS4.png?fit=1200%2C877&ssl=1&resize=350%2C200","width":350,"height":200,"srcset":"https:\/\/i0.wp.com\/www.naturellementsportif.com\/wp-content\/uploads\/2021\/09\/F-ImageProdNS4.png?fit=1200%2C877&ssl=1&resize=350%2C200 1x, https:\/\/i0.wp.com\/www.naturellementsportif.com\/wp-content\/uploads\/2021\/09\/F-ImageProdNS4.png?fit=1200%2C877&ssl=1&resize=525%2C300 1.5x, https:\/\/i0.wp.com\/www.naturellementsportif.com\/wp-content\/uploads\/2021\/09\/F-ImageProdNS4.png?fit=1200%2C877&ssl=1&resize=700%2C400 2x, https:\/\/i0.wp.com\/www.naturellementsportif.com\/wp-content\/uploads\/2021\/09\/F-ImageProdNS4.png?fit=1200%2C877&ssl=1&resize=1050%2C600 3x"},"classes":[]},{"id":851,"url":"https:\/\/www.naturellementsportif.com\/index.php\/produit\/legging-ns\/","url_meta":{"origin":1071,"position":5},"title":"LEGGING T.BASSE CL\u00c9A","author":"admin6231","date":"7 mars 2021","format":false,"excerpt":"Les leggings de sport Naturellement Sportif sont fabriqu\u00e9es dans un mat\u00e9riau \u00e9lastique agr\u00e9able, qui convient aux temp\u00e9ratures chaudes avec une excellente respirabilit\u00e9. Une coupe sophistiqu\u00e9e et des coutures plates qui contribuent \u00e0 un confort optimum pour la pratique du fitness. Guide des tailles \u00a0 Composition: 100% PES Poids: 130 g\u2026","rel":"","context":"Article similaire","block_context":{"text":"Article similaire","link":""},"img":{"alt_text":"legging de sport TB ns noir","src":"https:\/\/i0.wp.com\/www.naturellementsportif.com\/wp-content\/uploads\/2021\/09\/F-ImageProdNS2.png?fit=1200%2C877&ssl=1&resize=350%2C200","width":350,"height":200,"srcset":"https:\/\/i0.wp.com\/www.naturellementsportif.com\/wp-content\/uploads\/2021\/09\/F-ImageProdNS2.png?fit=1200%2C877&ssl=1&resize=350%2C200 1x, https:\/\/i0.wp.com\/www.naturellementsportif.com\/wp-content\/uploads\/2021\/09\/F-ImageProdNS2.png?fit=1200%2C877&ssl=1&resize=525%2C300 1.5x, https:\/\/i0.wp.com\/www.naturellementsportif.com\/wp-content\/uploads\/2021\/09\/F-ImageProdNS2.png?fit=1200%2C877&ssl=1&resize=700%2C400 2x, https:\/\/i0.wp.com\/www.naturellementsportif.com\/wp-content\/uploads\/2021\/09\/F-ImageProdNS2.png?fit=1200%2C877&ssl=1&resize=1050%2C600 3x"},"classes":[]}],"jetpack_sharing_enabled":true,"_links":{"self":[{"href":"https:\/\/www.naturellementsportif.com\/index.php\/wp-json\/wp\/v2\/product\/1071","targetHints":{"allow":["GET"]}}],"collection":[{"href":"https:\/\/www.naturellementsportif.com\/index.php\/wp-json\/wp\/v2\/product"}],"about":[{"href":"https:\/\/www.naturellementsportif.com\/index.php\/wp-json\/wp\/v2\/types\/product"}],"replies":[{"embeddable":true,"href":"https:\/\/www.naturellementsportif.com\/index.php\/wp-json\/wp\/v2\/comments?post=1071"}],"version-history":[{"count":8,"href":"https:\/\/www.naturellementsportif.com\/index.php\/wp-json\/wp\/v2\/product\/1071\/revisions"}],"predecessor-version":[{"id":1362,"href":"https:\/\/www.naturellementsportif.com\/index.php\/wp-json\/wp\/v2\/product\/1071\/revisions\/1362"}],"wp:featuredmedia":[{"embeddable":true,"href":"https:\/\/www.naturellementsportif.com\/index.php\/wp-json\/wp\/v2\/media\/1643"}],"wp:attachment":[{"href":"https:\/\/www.naturellementsportif.com\/index.php\/wp-json\/wp\/v2\/media?parent=1071"}],"wp:term":[{"taxonomy":"product_brand","embeddable":true,"href":"https:\/\/www.naturellementsportif.com\/index.php\/wp-json\/wp\/v2\/product_brand?post=1071"},{"taxonomy":"product_cat","embeddable":true,"href":"https:\/\/www.naturellementsportif.com\/index.php\/wp-json\/wp\/v2\/product_cat?post=1071"},{"taxonomy":"product_tag","embeddable":true,"href":"https:\/\/www.naturellementsportif.com\/index.php\/wp-json\/wp\/v2\/product_tag?post=1071"}],"curies":[{"name":"wp","href":"https:\/\/api.w.org\/{rel}","templated":true}]}}